{"id":376,"date":"2022-08-23T11:09:09","date_gmt":"2022-08-23T09:09:09","guid":{"rendered":"https:\/\/www.polymar.be\/page-d-exemple\/"},"modified":"2026-01-05T11:41:37","modified_gmt":"2026-01-05T10:41:37","slug":"page-d-exemple","status":"publish","type":"page","link":"https:\/\/www.polymar.be\/en\/","title":{"rendered":"Home"},"content":{"rendered":"","protected":false},"excerpt":{"rendered":"","protected":false},"author":1,"featured_media":4745,"parent":0,"menu_order":0,"comment_status":"closed","ping_status":"closed","template":"flexible_content.php","meta":{"_acf_changed":false,"footnotes":""},"class_list":["post-376","page","type-page","status-publish","has-post-thumbnail","hentry"],"acf":[],"yoast_head":"<!-- This site is optimized with the Yoast SEO plugin v27.3 - https:\/\/yoast.com\/product\/yoast-seo-wordpress\/ -->\n<title>Home - Polymar<\/title>\n<meta name=\"description\" content=\"Polymar est une entreprise de moulage par injection sp\u00e9cialis\u00e9e dans les polym\u00e8res et la thermoplastique \u00e0 Nivelles.\" \/>\n<meta name=\"robots\" content=\"index, follow, max-snippet:-1, max-image-preview:large, max-video-preview:-1\" \/>\n<link rel=\"canonical\" href=\"https:\/\/www.polymar.be\/en\/\" \/>\n<meta property=\"og:locale\" content=\"en_US\" \/>\n<meta property=\"og:type\" content=\"article\" \/>\n<meta property=\"og:title\" content=\"Home - Polymar\" \/>\n<meta property=\"og:description\" content=\"Polymar est une entreprise de moulage par injection sp\u00e9cialis\u00e9e dans les polym\u00e8res et la thermoplastique \u00e0 Nivelles.\" \/>\n<meta property=\"og:url\" content=\"https:\/\/www.polymar.be\/en\/\" \/>\n<meta property=\"og:site_name\" content=\"Polymar\" \/>\n<meta property=\"article:modified_time\" content=\"2026-01-05T10:41:37+00:00\" \/>\n<meta property=\"og:image\" content=\"https:\/\/www.polymar.be\/wp-content\/uploads\/2022\/12\/banner-polymar.jpg\" \/>\n\t<meta property=\"og:image:width\" content=\"2000\" \/>\n\t<meta property=\"og:image:height\" content=\"1331\" \/>\n\t<meta property=\"og:image:type\" content=\"image\/jpeg\" \/>\n<meta name=\"twitter:card\" content=\"summary_large_image\" \/>\n<meta name=\"twitter:label1\" content=\"Est. reading time\" \/>\n\t<meta name=\"twitter:data1\" content=\"1 minute\" \/>\n<script type=\"application\/ld+json\" class=\"yoast-schema-graph\">{\"@context\":\"https:\\\/\\\/schema.org\",\"@graph\":[{\"@type\":\"WebPage\",\"@id\":\"https:\\\/\\\/www.polymar.be\\\/en\\\/\",\"url\":\"https:\\\/\\\/www.polymar.be\\\/en\\\/\",\"name\":\"Home - Polymar\",\"isPartOf\":{\"@id\":\"https:\\\/\\\/www.polymar.be\\\/#website\"},\"primaryImageOfPage\":{\"@id\":\"https:\\\/\\\/www.polymar.be\\\/en\\\/#primaryimage\"},\"image\":{\"@id\":\"https:\\\/\\\/www.polymar.be\\\/en\\\/#primaryimage\"},\"thumbnailUrl\":\"https:\\\/\\\/www.polymar.be\\\/wp-content\\\/uploads\\\/2026\\\/01\\\/banner-polymar-injection-moulding.jpg\",\"datePublished\":\"2022-08-23T09:09:09+00:00\",\"dateModified\":\"2026-01-05T10:41:37+00:00\",\"description\":\"Polymar est une entreprise de moulage par injection sp\u00e9cialis\u00e9e dans les polym\u00e8res et la thermoplastique \u00e0 Nivelles.\",\"breadcrumb\":{\"@id\":\"https:\\\/\\\/www.polymar.be\\\/en\\\/#breadcrumb\"},\"inLanguage\":\"en-US\",\"potentialAction\":[{\"@type\":\"ReadAction\",\"target\":[\"https:\\\/\\\/www.polymar.be\\\/en\\\/\"]}]},{\"@type\":\"ImageObject\",\"inLanguage\":\"en-US\",\"@id\":\"https:\\\/\\\/www.polymar.be\\\/en\\\/#primaryimage\",\"url\":\"https:\\\/\\\/www.polymar.be\\\/wp-content\\\/uploads\\\/2026\\\/01\\\/banner-polymar-injection-moulding.jpg\",\"contentUrl\":\"https:\\\/\\\/www.polymar.be\\\/wp-content\\\/uploads\\\/2026\\\/01\\\/banner-polymar-injection-moulding.jpg\",\"width\":2560,\"height\":1703},{\"@type\":\"BreadcrumbList\",\"@id\":\"https:\\\/\\\/www.polymar.be\\\/en\\\/#breadcrumb\",\"itemListElement\":[{\"@type\":\"ListItem\",\"position\":1,\"name\":\"Accueil\",\"item\":\"https:\\\/\\\/www.polymar.be\\\/en\\\/\"},{\"@type\":\"ListItem\",\"position\":2,\"name\":\"Home\"}]},{\"@type\":\"WebSite\",\"@id\":\"https:\\\/\\\/www.polymar.be\\\/#website\",\"url\":\"https:\\\/\\\/www.polymar.be\\\/\",\"name\":\"Polymar\",\"description\":\"Un site utilisant WordPress\",\"publisher\":{\"@id\":\"https:\\\/\\\/www.polymar.be\\\/#organization\"},\"potentialAction\":[{\"@type\":\"SearchAction\",\"target\":{\"@type\":\"EntryPoint\",\"urlTemplate\":\"https:\\\/\\\/www.polymar.be\\\/?s={search_term_string}\"},\"query-input\":{\"@type\":\"PropertyValueSpecification\",\"valueRequired\":true,\"valueName\":\"search_term_string\"}}],\"inLanguage\":\"en-US\"},{\"@type\":\"Organization\",\"@id\":\"https:\\\/\\\/www.polymar.be\\\/#organization\",\"name\":\"Polymar\",\"url\":\"https:\\\/\\\/www.polymar.be\\\/\",\"logo\":{\"@type\":\"ImageObject\",\"inLanguage\":\"en-US\",\"@id\":\"https:\\\/\\\/www.polymar.be\\\/#\\\/schema\\\/logo\\\/image\\\/\",\"url\":\"https:\\\/\\\/www.polymar.be\\\/wp-content\\\/uploads\\\/2022\\\/08\\\/cropped-logo-polymar.png\",\"contentUrl\":\"https:\\\/\\\/www.polymar.be\\\/wp-content\\\/uploads\\\/2022\\\/08\\\/cropped-logo-polymar.png\",\"width\":223,\"height\":84,\"caption\":\"Polymar\"},\"image\":{\"@id\":\"https:\\\/\\\/www.polymar.be\\\/#\\\/schema\\\/logo\\\/image\\\/\"}}]}<\/script>\n<!-- \/ Yoast SEO plugin. -->","yoast_head_json":{"title":"Home - Polymar","description":"Polymar est une entreprise de moulage par injection sp\u00e9cialis\u00e9e dans les polym\u00e8res et la thermoplastique \u00e0 Nivelles.","robots":{"index":"index","follow":"follow","max-snippet":"max-snippet:-1","max-image-preview":"max-image-preview:large","max-video-preview":"max-video-preview:-1"},"canonical":"https:\/\/www.polymar.be\/en\/","og_locale":"en_US","og_type":"article","og_title":"Home - Polymar","og_description":"Polymar est une entreprise de moulage par injection sp\u00e9cialis\u00e9e dans les polym\u00e8res et la thermoplastique \u00e0 Nivelles.","og_url":"https:\/\/www.polymar.be\/en\/","og_site_name":"Polymar","article_modified_time":"2026-01-05T10:41:37+00:00","og_image":[{"width":2000,"height":1331,"url":"https:\/\/www.polymar.be\/wp-content\/uploads\/2022\/12\/banner-polymar.jpg","type":"image\/jpeg"}],"twitter_card":"summary_large_image","twitter_misc":{"Est. reading time":"1 minute"},"schema":{"@context":"https:\/\/schema.org","@graph":[{"@type":"WebPage","@id":"https:\/\/www.polymar.be\/en\/","url":"https:\/\/www.polymar.be\/en\/","name":"Home - Polymar","isPartOf":{"@id":"https:\/\/www.polymar.be\/#website"},"primaryImageOfPage":{"@id":"https:\/\/www.polymar.be\/en\/#primaryimage"},"image":{"@id":"https:\/\/www.polymar.be\/en\/#primaryimage"},"thumbnailUrl":"https:\/\/www.polymar.be\/wp-content\/uploads\/2026\/01\/banner-polymar-injection-moulding.jpg","datePublished":"2022-08-23T09:09:09+00:00","dateModified":"2026-01-05T10:41:37+00:00","description":"Polymar est une entreprise de moulage par injection sp\u00e9cialis\u00e9e dans les polym\u00e8res et la thermoplastique \u00e0 Nivelles.","breadcrumb":{"@id":"https:\/\/www.polymar.be\/en\/#breadcrumb"},"inLanguage":"en-US","potentialAction":[{"@type":"ReadAction","target":["https:\/\/www.polymar.be\/en\/"]}]},{"@type":"ImageObject","inLanguage":"en-US","@id":"https:\/\/www.polymar.be\/en\/#primaryimage","url":"https:\/\/www.polymar.be\/wp-content\/uploads\/2026\/01\/banner-polymar-injection-moulding.jpg","contentUrl":"https:\/\/www.polymar.be\/wp-content\/uploads\/2026\/01\/banner-polymar-injection-moulding.jpg","width":2560,"height":1703},{"@type":"BreadcrumbList","@id":"https:\/\/www.polymar.be\/en\/#breadcrumb","itemListElement":[{"@type":"ListItem","position":1,"name":"Accueil","item":"https:\/\/www.polymar.be\/en\/"},{"@type":"ListItem","position":2,"name":"Home"}]},{"@type":"WebSite","@id":"https:\/\/www.polymar.be\/#website","url":"https:\/\/www.polymar.be\/","name":"Polymar","description":"Un site utilisant WordPress","publisher":{"@id":"https:\/\/www.polymar.be\/#organization"},"potentialAction":[{"@type":"SearchAction","target":{"@type":"EntryPoint","urlTemplate":"https:\/\/www.polymar.be\/?s={search_term_string}"},"query-input":{"@type":"PropertyValueSpecification","valueRequired":true,"valueName":"search_term_string"}}],"inLanguage":"en-US"},{"@type":"Organization","@id":"https:\/\/www.polymar.be\/#organization","name":"Polymar","url":"https:\/\/www.polymar.be\/","logo":{"@type":"ImageObject","inLanguage":"en-US","@id":"https:\/\/www.polymar.be\/#\/schema\/logo\/image\/","url":"https:\/\/www.polymar.be\/wp-content\/uploads\/2022\/08\/cropped-logo-polymar.png","contentUrl":"https:\/\/www.polymar.be\/wp-content\/uploads\/2022\/08\/cropped-logo-polymar.png","width":223,"height":84,"caption":"Polymar"},"image":{"@id":"https:\/\/www.polymar.be\/#\/schema\/logo\/image\/"}}]}},"_links":{"self":[{"href":"https:\/\/www.polymar.be\/en\/wp-json\/wp\/v2\/pages\/376","targetHints":{"allow":["GET"]}}],"collection":[{"href":"https:\/\/www.polymar.be\/en\/wp-json\/wp\/v2\/pages"}],"about":[{"href":"https:\/\/www.polymar.be\/en\/wp-json\/wp\/v2\/types\/page"}],"author":[{"embeddable":true,"href":"https:\/\/www.polymar.be\/en\/wp-json\/wp\/v2\/users\/1"}],"replies":[{"embeddable":true,"href":"https:\/\/www.polymar.be\/en\/wp-json\/wp\/v2\/comments?post=376"}],"version-history":[{"count":10,"href":"https:\/\/www.polymar.be\/en\/wp-json\/wp\/v2\/pages\/376\/revisions"}],"predecessor-version":[{"id":4742,"href":"https:\/\/www.polymar.be\/en\/wp-json\/wp\/v2\/pages\/376\/revisions\/4742"}],"wp:featuredmedia":[{"embeddable":true,"href":"https:\/\/www.polymar.be\/en\/wp-json\/wp\/v2\/media\/4745"}],"wp:attachment":[{"href":"https:\/\/www.polymar.be\/en\/wp-json\/wp\/v2\/media?parent=376"}],"curies":[{"name":"wp","href":"https:\/\/api.w.org\/{rel}","templated":true}]}}